{"id":1059,"date":"2014-11-20T10:37:09","date_gmt":"2014-11-20T08:37:09","guid":{"rendered":"http:\/\/www.dummschwitzer.de\/blogsys2013\/?page_id=1059"},"modified":"2016-02-02T14:23:00","modified_gmt":"2016-02-02T12:23:00","slug":"planung-2015","status":"publish","type":"page","link":"http:\/\/www.dummschwitzer.de\/blogsys2013\/?page_id=1059","title":{"rendered":"2015"},"content":{"rendered":"<p><strong>fett<\/strong> gedruckte Meldungen wurden bereits best\u00e4tigt<br \/>\n<em>kursiv<\/em> gedruckte Platzierungen sind M\u00e4nner &#038; Frauen Gesamtwertungen<br \/>\nnormal gedruckte Platzierungen sind reines M\u00e4nner-Klassement<\/p>\n<p>Triathlon-Distanzen: (J)edermann \/ (S)print \/ (K)urz \/ (M)ittel \/ (L)ang<br \/>\nZeitangaben: (S)wim \/ (B)ike \/ (R)un \/ (T)ransitions \/ (P)enalty<\/p>\n<p><strong>01.03. &#8211; Strasse &#8211; &#8222;34. Rund ums Bayerkreuz&#8220; &#8211; Leverkusen<\/strong><br \/>\n<code>10km, 38:49min, x:xxmin\/km, xx,xxkm\/h, M35: 14, Platz: 135<\/code><\/p>\n<p><strong>12.04. &#8211; &#8222;6. Dachser Duathlon&#8220;, Alsdorf (K &#8211; 10 \/ 42 \/ 5)<\/strong> <em>(NRW Meisterschaft)<\/em><br \/>\n<code>1:54:55h,  M35: 3, Platz: 5<\/code><br \/>\n<code>R: 36:34min, T: 0:44min, B: 0:58:50h, T: 0:51min, R: 17:45min<\/code><br \/>\n<strong>3. Platz NRW-Meisterschaft, Duathlon Kurzdistanz 2015<\/strong><\/p>\n<p><strong>01.05. &#8211; &#8222;7. 9 Meilen vom NeulandPark&#8220; &#8211; Leverkusen<\/strong><br \/>\n<code>14.4km, 54:09min, 3:48min\/km, M35: 1, Platz: 2<\/code><\/p>\n<p><strong>10.05. &#8211; &#8222;Team EJOT Triathlon&#8220;, Buschh\u00fctten (J &#8211; 0,5 \/ 26 \/ 5,3)<\/strong><br \/>\n<code>1:07:27h,  M35: 1, Platz: 18<\/code><br \/>\n<code>S: 0:08:30h, T: in B, B: 0:37:50h, T: in R, R: 0:21:09h<\/code><\/p>\n<p><strong>17.05. &#8211; &#8222;Dalkeman Triathlon&#8220;, G\u00fctersloh (K &#8211; 1 \/ 40 \/ 10)<\/strong> <em>(Regionalliga)<\/em><br \/>\n<code>Team ASV K\u00f6ln II: 2 (Einzelplatzierung: 13)<\/code><br \/>\n<code>1:53:11h, S: 0:17:47h, T: in S, B: 0:56:00h, T: in B, R: 0:38:25h<\/code><\/p>\n<p><strong>31.05. &#8211; &#8222;Pfl\u00fcger Triathlon&#8220;, Harsewinkel (K &#8211; 1 \/ 40 \/ 10)<\/strong> <em>(NRW-Liga)<\/em><br \/>\n<code>Team ASV K\u00f6ln I: 9 (Einzelplatzierung: 32)<\/code><br \/>\n<code>1:54:41h, S: 0:17:40h, T: in S, B: 0:58:59h, T: in B, R: 0:38:03h<\/code><\/p>\n<p><strong>14.06. &#8211; &#8222;25. SWB Energie &#038; Wasser Triahtlon&#8220;, Bonn (3,8 \/ 60 \/ 15)<\/strong> <em>(Regionalliga)<\/em><br \/>\n<code>Team ASV K\u00f6ln II: 1 (Einzelplatzierung: 20)<\/code><br \/>\n<code>3:07:44h, S: 0:28:02h, T: in S, B: 1:34:54h, T: in B, R: 1:00:04h<\/code><\/p>\n<p><strong>28.06. &#8211; &#8222;32. Internationaler Trierer Stadtlauf&#8220;, Trier<\/strong><br \/>\n<code>10km, 38:10min, 3:49min\/km, 15,72km\/h, M35: 5, Platz: 19<\/code><\/p>\n<p><strong>19.07. &#8211; &#8222;Plantronics Triathlon&#8220;, Verl (K &#8211; 1,5 \/ 40 \/ 10)<\/strong> <em>(Regionalliga)<\/em><br \/>\n<code>Team ASV K\u00f6ln II: 9 (Einzelplatzierung: 17)<\/code><br \/>\n<code>2:01:54h, S: 0:27:26h, T: in S, B: 0:54:54h, T: in R, R: 0:38:31h<\/code><\/p>\n<p><strong>24.07. &#8211; &#8222;2. Rad am Ring: Einzelzeitfahren&#8220;, N\u00fcrburgring-Nordschleife<\/strong><br \/>\n<code>22km, 36:29min, 36,00km\/h, M35: 3, Platz: 12<\/code><\/p>\n<p><strong>15.08. &#8211; &#8222;ATV Triathlon&#8220;, H\u00fcckeswagen (V)<\/strong><br \/>\n<code>1:02:45h,  M35: 1, Platz: 3<\/code><br \/>\n<code>S: 0:09:18h, T: in B, B: 0:33:21h, T: in R, R: 0:20:16h<\/code><\/p>\n<p><strong>06.09. &#8211; &#8222;Nibelungen Triathlon&#8220;, Xanten (K)<\/strong> <em>(Regionalliga)<\/em><br \/>\n<code>Team ASV K\u00f6ln II: 15 (Einzelplatzierung: 39)<\/code><br \/>\n<code>2:16:18h, S: 0:24:05h, T: in B, B: 1:13:55h, T: in R, R: 0:38:17h<\/code><\/p>\n<p><strong>13.09. &#8211; &#8222;Stadtwerke Triathlon&#8220;, Ratingen (K)<\/strong> <em>(NRW-Liga)<\/em><br \/>\n<code>Team ASV K\u00f6ln I: 11 (Einzelplatzierung: 43)<\/code><br \/>\n<code>2:00:24h, S: 0:17:15h, T: in B, B: 1:03:24h, T: in R, R: 0:39:46h<\/code><\/p>\n<p><strong>13.09. &#8211; &#8222;Stadtwerke Triathlon&#8220;, Ratingen (Schwimmer, Volksstaffel)<\/strong><br \/>\n<code> Team \"On the Road again!\", Platz 3<\/code><br \/>\n<code>1:06:21h, S: 0:08:28h, T: in B, B: 0:38:03h, T: in R, R: 0:19:51h<\/code><\/p>\n<p><strong>25.09. &#8211; &#8222;39. Sieben Meilen von Zons&#8220;, Dormagen-Zons<\/strong><br \/>\n<code>5km, 24:33min, 4:55min\/km, M35: xx\/xx, Platz: xxx\/xxx<\/code><\/p>\n<p><strong>15.11. &#8211; &#8222;5. Winterlaufserie, MIDI Rennen 1 \/ 3&#8220; &#8211; Leverkusen<\/strong><br \/>\n<code>10km, 46:54min, 4:41min\/km, M35: 25\/39, Platz: 150\/288<\/code><\/p>\n<p><strong>07.11. &#8211; &#8222;40. Wurzelweglauf&#8220; &#8211; Konz<\/strong><br \/>\n<code>10km, 40:43min, 4:04min\/km, M35: 2, Platz: 6<\/code><\/p>\n<p><strong>06.12. &#8211; &#8222;5. Winterlaufserie, MIDI Rennen 2 \/ 3&#8220; &#8211; Leverkusen<\/strong><br \/>\n<code>10km, 37:32min, 3:45min\/km, M35: 1, Platz: 6<\/code><\/p>\n<p><strong>10.01. &#8211; &#8222;5. Winterlaufserie, MIDI Rennen 3 \/ 3&#8220; &#8211; Leverkusen<\/strong><br \/>\n<code>10km, 38:35min, 3:52min\/km, M35: 1, Platz: 6\/code><\/p>\n<p>Gesamtergebnis der Serie:<br \/>\n<code>30km, 2:03:01h, 4:06min\/km, M35: 2, Platz 7<\/code><\/p>\n<p style=\"text-align: right;\">(letzte \u00c4nderung: 2016-02-02)<\/p\n\n\n<\/p>\n","protected":false},"excerpt":{"rendered":"<p>fett gedruckte Meldungen wurden bereits best\u00e4tigt kursiv gedruckte Platzierungen sind M\u00e4nner &#038; Frauen Gesamtwertungen normal gedruckte Platzierungen sind reines M\u00e4nner-Klassement Triathlon-Distanzen: (J)edermann \/ (S)print \/ (K)urz \/ (M)ittel \/ (L)ang Zeitangaben: (S)wim \/ (B)ike \/ (R)un \/ (T)ransitions \/ (P)enalty &hellip; <a href=\"http:\/\/www.dummschwitzer.de\/blogsys2013\/?page_id=1059\">Weiterlesen <span class=\"meta-nav\">&rarr;<\/span><\/a><\/p>\n","protected":false},"author":1,"featured_media":0,"parent":859,"menu_order":-2015,"comment_status":"closed","ping_status":"closed","template":"","meta":{"_mc_calendar":[],"_links_to":"","_links_to_target":""},"_links":{"self":[{"href":"http:\/\/www.dummschwitzer.de\/blogsys2013\/index.php?rest_route=\/wp\/v2\/pages\/1059"}],"collection":[{"href":"http:\/\/www.dummschwitzer.de\/blogsys2013\/index.php?rest_route=\/wp\/v2\/pages"}],"about":[{"href":"http:\/\/www.dummschwitzer.de\/blogsys2013\/index.php?rest_route=\/wp\/v2\/types\/page"}],"author":[{"embeddable":true,"href":"http:\/\/www.dummschwitzer.de\/blogsys2013\/index.php?rest_route=\/wp\/v2\/users\/1"}],"replies":[{"embeddable":true,"href":"http:\/\/www.dummschwitzer.de\/blogsys2013\/index.php?rest_route=%2Fwp%2Fv2%2Fcomments&post=1059"}],"version-history":[{"count":29,"href":"http:\/\/www.dummschwitzer.de\/blogsys2013\/index.php?rest_route=\/wp\/v2\/pages\/1059\/revisions"}],"predecessor-version":[{"id":1145,"href":"http:\/\/www.dummschwitzer.de\/blogsys2013\/index.php?rest_route=\/wp\/v2\/pages\/1059\/revisions\/1145"}],"up":[{"embeddable":true,"href":"http:\/\/www.dummschwitzer.de\/blogsys2013\/index.php?rest_route=\/wp\/v2\/pages\/859"}],"wp:attachment":[{"href":"http:\/\/www.dummschwitzer.de\/blogsys2013\/index.php?rest_route=%2Fwp%2Fv2%2Fmedia&parent=1059"}],"curies":[{"name":"wp","href":"https:\/\/api.w.org\/{rel}","templated":true}]}}