{"id":1146,"date":"2016-02-02T14:38:10","date_gmt":"2016-02-02T12:38:10","guid":{"rendered":"http:\/\/www.dummschwitzer.de\/blogsys2013\/?page_id=1146"},"modified":"2017-01-10T13:51:44","modified_gmt":"2017-01-10T11:51:44","slug":"meine-saison-2016","status":"publish","type":"page","link":"http:\/\/www.dummschwitzer.de\/blogsys2013\/?page_id=1146","title":{"rendered":"Meine Saison, 2016"},"content":{"rendered":"<p><strong>fett<\/strong> gedruckte Meldungen wurden bereits best\u00e4tigt<br \/>\n<em>kursiv<\/em> gedruckte Platzierungen sind M\u00e4nner &#038; Frauen Gesamtwertungen<br \/>\nnormal gedruckte Platzierungen sind reines M\u00e4nner-Klassement<\/p>\n<p>Triathlon-Distanzen: (J)edermann \/ (S)print \/ (K)urz \/ (M)ittel \/ (L)ang<br \/>\nZeitangaben: (S)wim \/ (B)ike \/ (R)un \/ (T)ransitions \/ (P)enalty<\/p>\n<p><strong>06.03. &#8211; &#8222;35. Rund ums Bayerkreuz&#8220; &#8211; Leverkusen<\/strong><br \/>\n<code>10km, 36:45min, 3:41min\/km, , M35: 16, Platz: 107<\/code><\/p>\n<p><strong>24.04. &#8211; &#8222;MHA &#8211; Triathlon&#8220; &#8211; Aachen (Schwimmer, Volksstaffel)<\/strong><br \/>\n<code>Team \"On the Road again!\", Platz: x<\/code><br \/>\n<code>Teilnahme wegen Erkranung 2er Teammitglieder abgesagt<\/code><\/p>\n<p><strong>15.05. &#8211; &#8222;7. Dachser Duathlon&#8220;, Alsdorf (K &#8211; 10 \/ 42 \/ 5)<\/strong> <em>(DM &#038; NRW-Meisterschaft)<\/em><br \/>\n<strong>3. Platz DM-AK4 sowie 2. Platz DM-Teamwertung (ASV K\u00f6ln Triathlon I)<\/strong><br \/>\n<code>1:56:24h,  M4: 3, Platz: 11<\/code><br \/>\n<code>R: 37:37min, T: 0:51min, B: 0:58:14h, T: 0:38min, R: 19:04min<\/code><\/p>\n<p>01.05. &#8211; &#8222;7. 9 Meilen vom NeulandPark&#8220; &#8211; Leverkusen<br \/>\n<code>14.4km, 55:40in , M35: 1, Platz: 9<\/code><\/p>\n<p><strong>22.05. &#8211; &#8222;Dalkeman Triathlon&#8220;, G\u00fctersloh (K &#8211; 1,0 \/ 40 \/ 10)<\/strong> <em>Regionalliga<\/em><br \/>\n<code>1:54:23h, Platz: 12, Team ASV K\u00f6ln Triathlon: 8<\/code><br \/>\n<code>S: 0:17:41h, T: in B, B: 0:56:09h, T: in R, R: 0:40:35h<\/code><\/p>\n<p><strong>22.05. &#8211; &#8222;ELE Triathlon&#8220;, Gladbeck (S &#8211; 0,5 \/ 20 \/ 5)<\/strong> <em>Verbandsliga S\u00fcd<\/em><br \/>\n<code>1:05:12h, Platz: 7, Team ASV K\u00f6ln Triathlon: 5<\/code><br \/>\n<code>S: 0:12:29h, T: in B, B: 0:34:39h, T: in R, R: 0:18:03h<\/code><\/p>\n<p><strong>12.06. &#8211; &#8222;Aasee-Triathlon&#8220;, Bocholt (K &#8211; 1,5 \/ 50 \/ 10)<\/strong><br \/>\n<code>x:xx:xxh,  M35: x, Platz: x<\/code><br \/>\n<code>Teilnahme wegen Verletzung abgesagt<\/code><\/p>\n<p><strong>29.07. &#8211; &#8222;3. Rad am Ring: Einzelzeitfahren&#8220;, N\u00fcrburgring-Nordschleife<\/strong><br \/>\n<code>22km, 37:01min, M35: 9, Platz: 17<\/code><\/p>\n<p><strong>22.08. &#8211; &#8222;ATV Triathlon&#8220;, H\u00fcckeswagen (V &#8211; 0,5 \/ 20 \/ 5)<\/strong><br \/>\n<code>1:03:44h,  M35: 2, Platz: 6<\/code><br \/>\n<code>S: 0:08:35h, T: in B, B: 0:34:28h, T: in R, R: 0:20:40h<\/code><\/p>\n<p><strong>03.09. &#8211; &#8222;Cologne Triathlon Weegkend&#8220;, K\u00f6ln (V &#8211; 0,7 \/ 24 \/ 7,4)<\/strong><br \/>\n<code>x:xx:xxh,  M35: 1, Platz: 3<\/code><br \/>\n<code>S: 0:00:00h, T: in B, B: 0:00:00h, T: in R, R: 0:00:00h<\/code><\/p>\n<p><strong>04.09. &#8211; &#8222;Top Race Germany&#8220;, Bostalsee\/ Saarland (K &#8211; 1,5 \/ 50 \/ 10)<\/strong><br \/>\n<code>x:xx:xxh,  M35: x, Platz: x<\/code><br \/>\n<code>Teilnahme wegen Trainingsr\u00fcckstandes abgesagt<\/code><\/p>\n<p><strong>04.09. &#8211; &#8222;Nibelungen-Triathlon&#8220;, Xanten (K &#8211; 1,5 \/ 40 \/ 10)<\/strong><em> Verbandsliga S\u00fcd<\/em><br \/>\n<code>x:xx:xxh,  M35: x, Platz: x<\/code><br \/>\n<code>S: 0:00:00h, T: in B, B: 0:00:00h, T: in R, R: 0:00:00h<\/code><\/p>\n<p>September. &#8211; &#8222;40. Sieben Meilen von Zons&#8220;, Dormagen-Zons<\n<code>12,26km, xx:xxmin, x:xxmin\/km, M35: xx\/xx, Platz: xxx\/xxx<\/code><\/p>\n<p>November &#8211; &#8222;6. Winterlaufserie, MIDI Rennen 1 \/ 3&#8220; &#8211; Leverkusen<br \/>\n<code>10km, xx:xxmin, x:xxmin\/km, M35: xx\/xx, Platz: xx<\/code><\/p>\n<p><strong>12.11. &#8211; &#8222;Platin-Man&#8220; &#8211; Hennef<\/strong><br \/>\n<code>25km Trail, 2:03:59h, M35: 4, Platz: 13<\/code><\/p>\n<p>Dezember &#8211; &#8222;6. Winterlaufserie, MIDI Rennen 2 \/ 3&#8220; &#8211; Leverkusen<br \/>\n<code>Teilnahme wegen Erkrankung abgesagt<\/code><\/p>\n<p>Januar &#8211; &#8222;6. Winterlaufserie, MIDI Rennen 3 \/ 3&#8220; &#8211; Leverkusen<br \/>\n<code>Teilnahme abgesagt<\/code><\/p>\n<p style=\"text-align: right;\">(letzte \u00c4nderung: 2017-01-10)<\/p\n\n<\/p>\n","protected":false},"excerpt":{"rendered":"<p>fett gedruckte Meldungen wurden bereits best\u00e4tigt kursiv gedruckte Platzierungen sind M\u00e4nner &#038; Frauen Gesamtwertungen normal gedruckte Platzierungen sind reines M\u00e4nner-Klassement Triathlon-Distanzen: (J)edermann \/ (S)print \/ (K)urz \/ (M)ittel \/ (L)ang Zeitangaben: (S)wim \/ (B)ike \/ (R)un \/ (T)ransitions \/ (P)enalty &hellip; <a href=\"http:\/\/www.dummschwitzer.de\/blogsys2013\/?page_id=1146\">Weiterlesen <span class=\"meta-nav\">&rarr;<\/span><\/a><\/p>\n","protected":false},"author":1,"featured_media":0,"parent":726,"menu_order":-2016,"comment_status":"closed","ping_status":"closed","template":"","meta":{"_mc_calendar":[],"_links_to":"","_links_to_target":""},"_links":{"self":[{"href":"http:\/\/www.dummschwitzer.de\/blogsys2013\/index.php?rest_route=\/wp\/v2\/pages\/1146"}],"collection":[{"href":"http:\/\/www.dummschwitzer.de\/blogsys2013\/index.php?rest_route=\/wp\/v2\/pages"}],"about":[{"href":"http:\/\/www.dummschwitzer.de\/blogsys2013\/index.php?rest_route=\/wp\/v2\/types\/page"}],"author":[{"embeddable":true,"href":"http:\/\/www.dummschwitzer.de\/blogsys2013\/index.php?rest_route=\/wp\/v2\/users\/1"}],"replies":[{"embeddable":true,"href":"http:\/\/www.dummschwitzer.de\/blogsys2013\/index.php?rest_route=%2Fwp%2Fv2%2Fcomments&post=1146"}],"version-history":[{"count":8,"href":"http:\/\/www.dummschwitzer.de\/blogsys2013\/index.php?rest_route=\/wp\/v2\/pages\/1146\/revisions"}],"predecessor-version":[{"id":1173,"href":"http:\/\/www.dummschwitzer.de\/blogsys2013\/index.php?rest_route=\/wp\/v2\/pages\/1146\/revisions\/1173"}],"up":[{"embeddable":true,"href":"http:\/\/www.dummschwitzer.de\/blogsys2013\/index.php?rest_route=\/wp\/v2\/pages\/726"}],"wp:attachment":[{"href":"http:\/\/www.dummschwitzer.de\/blogsys2013\/index.php?rest_route=%2Fwp%2Fv2%2Fmedia&parent=1146"}],"curies":[{"name":"wp","href":"https:\/\/api.w.org\/{rel}","templated":true}]}}