{"id":13,"date":"2013-02-20T13:29:15","date_gmt":"2013-02-20T11:29:15","guid":{"rendered":"http:\/\/www.dummschwitzer.de\/?page_id=13"},"modified":"2013-02-22T02:07:24","modified_gmt":"2013-02-22T00:07:24","slug":"impressum","status":"publish","type":"page","link":"http:\/\/www.dummschwitzer.de\/blogsys2013\/?page_id=13","title":{"rendered":"Impressum"},"content":{"rendered":"<p>Der &#8222;LT Miep! Miep!&#8220; ist weder ein eingetragner Verein, noch eine andere \u00f6ffentliche Einrichtung.<br \/>\nWir sind lediglich eine kleine &#8222;Gurgentruppe&#8220; mit lustigen Trikots.<br \/>\n<em>Bitte stellt uns also keine Anfragen bez\u00fcglich Beitritt \/ Mitgliedschaft.<\/em><\/p>\n<p>Inhaber dieser Website und Kontakt bei Beschwerden und anderen Anfragen ist:<\/p>\n<p>Karsten Stichler<br \/>\nMontanusstr. 5<br \/>\nD-51373<br \/>\nMail: moppelkotze (at) Dummschwitzer.de<\/p>\n<p><strong>Das Kleingedruckte speziell f\u00fcr &#8222;<em><strong>Kasi&#8217;s BLOG<\/strong><\/em>&#8222;<\/strong><\/p>\n<p>S\u00e4mtliche von mir ver\u00f6ffentlichte Beitr\u00e4ge entsprechen der Wahrheit.<br \/>\nIch behalte mir jedoch vor sie aus Gr\u00fcnden der Unterhaltung bzw. aus dramturgischen Gr\u00fcnden stellenweise \u00fcberspitzt darzustellen.<br \/>\nSpeziell die in der Kategorie &#8222;Best of Dummschwitzer&#8220; ver\u00f6ffentlichten Beitr\u00e4ge und darin vorkommende \u00c4u\u00dferungen gegen\u00fcber Mensch, Tier und Walkern sind weder pers\u00f6nlich noch feindselig gemeint, sondern als ironische \/ humoreske Beitr\u00e4ge zu betrachten.<br \/>\nAlle Namen der vorkommenden Personen in allen meiner Beitr\u00e4ge wurden von mir abge\u00e4ndert.<br \/>\nAusnahmen sind Personen des \u00f6ffentlichen Lebens, Personen die mit der Ver\u00f6ffentlichung einverstanden sind, sowie nat\u00fcrlich L\u00e4uferInnen aus den offiziellen Ergebnislisten.<\/p>\n<p>Solltest du dich namentlich in meinem Blog wiederfinden und bist damit nicht einverstanden, so melde dich bitte formlos, schriftlich per Mail bei mir unter: <strong>moppelkotze (at) Dummschwitzer.de<\/strong><\/p>\n<p>Alle Beitr\u00e4ge habe ich nach bestem Wissen und Gewissen recherchiert \/ erstellt. Jedoch kann ich keine Garantie auf Vollst\u00e4ndigkeit, sowie der Richtigkeit \u00fcbernehmen.<\/p>\n<p>F\u00fcr alle verqueren K\u00f6pfe, die mit der Hochdeutschen Fassung nichts anfangen k\u00f6nnen folgt hier nochmal die Jura-Version in &#8222;Fachchinesisch&#8220;:<\/p>\n<p><strong>Haftung f\u00fcr Inhalte<\/strong><br \/>\nDie Inhalte unserer Seiten wurden mit gr\u00f6\u00dfter Sorgfalt erstellt. F\u00fcr die Richtigkeit, Vollst\u00e4ndigkeit und Aktualit\u00e4t der Inhalte k\u00f6nnen wir jedoch keine Gew\u00e4hr \u00fcbernehmen.<br \/>\nAls Diensteanbieter sind wir gem\u00e4\u00df \u00a7 7 Abs.1 TMG f\u00fcr eigene Inhalte auf diesen Seiten nach den allgemeinen Gesetzen verantwortlich.<br \/>\nNach \u00a7\u00a7 8 bis 10 TMG sind wir als Diensteanbieter jedoch nicht verpflichtet, \u00fcbermittelte oder gespeicherte fremde Informationen zu \u00fcberwachen oder nach Umst\u00e4nden zu forschen, die auf eine rechtswidrige T\u00e4tigkeit hinweisen. Verpflichtungen zur Entfernung oder Sperrung der Nutzung von Informationen nach den allgemeinen Gesetzen bleiben hiervon unber\u00fchrt. Eine diesbez\u00fcgliche Haftung ist jedoch erst ab dem Zeitpunkt der Kenntnis einer konkreten Rechtsverletzung m\u00f6glich. Bei Bekanntwerden von entsprechenden Rechtsverletzungen werden wir diese Inhalte umgehend entfernen.<\/p>\n<p><strong>Haftung f\u00fcr Links<\/strong><br \/>\nUnser Angebot enth\u00e4lt Links zu externen Webseiten Dritter, auf deren Inhalte wir keinen Einfluss haben. Deshalb k\u00f6nnen wir f\u00fcr diese fremden Inhalte auch keine Gew\u00e4hr \u00fcbernehmen. F\u00fcr die Inhalte der verlinkten Seiten ist stets der jeweilige Anbieter oder Betreiber der Seiten verantwortlich. Die verlinkten Seiten wurden zum Zeitpunkt der Verlinkung auf m\u00f6gliche Rechtsverst\u00f6\u00dfe \u00fcberpr\u00fcft. Rechtswidrige Inhalte waren zum Zeitpunkt der Verlinkung nicht erkennbar. Eine permanente inhaltliche Kontrolle der verlinkten Seiten ist jedoch ohne konkrete Anhaltspunkte einer Rechtsverletzung nicht zumutbar. Bei Bekanntwerden von Rechtsverletzungen werden wir derartige Links umgehend entfernen.<\/p>\n<p><strong>Urheberrecht<\/strong><br \/>\nDie durch die Seitenbetreiber erstellten Inhalte und Werke auf diesen Seiten unterliegen dem deutschen Urheberrecht. Die Vervielf\u00e4ltigung, Bearbeitung, Verbreitung und jede Art der Verwertung au\u00dferhalb der Grenzen des Urheberrechtes bed\u00fcrfen der schriftlichen Zustimmung des jeweiligen Autors bzw. Erstellers. Downloads und Kopien dieser Seite sind nur f\u00fcr den privaten, nicht kommerziellen Gebrauch gestattet. Soweit die Inhalte auf dieser Seite nicht vom Betreiber erstellt wurden, werden die Urheberrechte Dritter beachtet. Insbesondere werden Inhalte Dritter als solche gekennzeichnet. Sollten Sie trotzdem auf eine Urheberrechtsverletzung aufmerksam werden, bitten wir um einen entsprechenden Hinweis.<br \/>\nBei Bekanntwerden von Rechtsverletzungen werden wir derartige Inhalte umgehend entfernen.<\/p>\n<p><strong>Datenschutz<\/strong><br \/>\nDie Nutzung unserer Webseite ist in der Regel ohne Angabe personenbezogener Daten m\u00f6glich. Soweit auf unseren Seiten personenbezogene Daten (beispielsweise Name, Anschrift oder eMail-Adressen) erhoben werden, erfolgt dies, soweit m\u00f6glich, stets auf freiwilliger Basis. Diese Daten werden ohne Ihre ausdr\u00fcckliche Zustimmung nicht an Dritte weitergegeben.<br \/>\nWir weisen darauf hin, dass die Daten\u00fcbertragung im Internet (z.B. bei der Kommunikation per E-Mail) Sicherheitsl\u00fccken aufweisen kann. Ein l\u00fcckenloser Schutz der Daten vor dem Zugriff durch Dritte ist nicht m\u00f6glich.<br \/>\nDer Nutzung von im Rahmen der Impressumspflicht ver\u00f6ffentlichten Kontaktdaten durch Dritte zur \u00dcbersendung von nicht ausdr\u00fccklich angeforderter Werbung und Informationsmaterialien wird hiermit ausdr\u00fccklich widersprochen. Die Betreiber der Seiten behalten sich ausdr\u00fccklich rechtliche Schritte im Falle der unverlangten Zusendung von Werbeinformationen, etwa durch Spam-Mails, vor.<\/p>\n<p><i>Quellenangaben: <a href=\"http:\/\/www.e-recht24.de\/muster-disclaimer.htm\" target=\"_blank\">Disclaimer eRecht24<\/a><\/i><\/p>\n<p style=\"text-align: right;\">(Stand: 2013-02-22)<\/p\n\n<\/p>\n","protected":false},"excerpt":{"rendered":"<p>Der &#8222;LT Miep! Miep!&#8220; ist weder ein eingetragner Verein, noch eine andere \u00f6ffentliche Einrichtung. Wir sind lediglich eine kleine &#8222;Gurgentruppe&#8220; mit lustigen Trikots. Bitte stellt uns also keine Anfragen bez\u00fcglich Beitritt \/ Mitgliedschaft. Inhaber dieser Website und Kontakt bei Beschwerden &hellip; <a href=\"http:\/\/www.dummschwitzer.de\/blogsys2013\/?page_id=13\">Weiterlesen <span class=\"meta-nav\">&rarr;<\/span><\/a><\/p>\n","protected":false},"author":1,"featured_media":0,"parent":0,"menu_order":99,"comment_status":"closed","ping_status":"closed","template":"","meta":{"_mc_calendar":[],"_links_to":"","_links_to_target":""},"_links":{"self":[{"href":"http:\/\/www.dummschwitzer.de\/blogsys2013\/index.php?rest_route=\/wp\/v2\/pages\/13"}],"collection":[{"href":"http:\/\/www.dummschwitzer.de\/blogsys2013\/index.php?rest_route=\/wp\/v2\/pages"}],"about":[{"href":"http:\/\/www.dummschwitzer.de\/blogsys2013\/index.php?rest_route=\/wp\/v2\/types\/page"}],"author":[{"embeddable":true,"href":"http:\/\/www.dummschwitzer.de\/blogsys2013\/index.php?rest_route=\/wp\/v2\/users\/1"}],"replies":[{"embeddable":true,"href":"http:\/\/www.dummschwitzer.de\/blogsys2013\/index.php?rest_route=%2Fwp%2Fv2%2Fcomments&post=13"}],"version-history":[{"count":4,"href":"http:\/\/www.dummschwitzer.de\/blogsys2013\/index.php?rest_route=\/wp\/v2\/pages\/13\/revisions"}],"predecessor-version":[{"id":134,"href":"http:\/\/www.dummschwitzer.de\/blogsys2013\/index.php?rest_route=\/wp\/v2\/pages\/13\/revisions\/134"}],"wp:attachment":[{"href":"http:\/\/www.dummschwitzer.de\/blogsys2013\/index.php?rest_route=%2Fwp%2Fv2%2Fmedia&parent=13"}],"curies":[{"name":"wp","href":"https:\/\/api.w.org\/{rel}","templated":true}]}}