{"id":148,"date":"2013-02-23T00:29:43","date_gmt":"2013-02-22T22:29:43","guid":{"rendered":"http:\/\/www.dummschwitzer.de\/blogsys2013\/?page_id=148"},"modified":"2013-10-13T00:10:49","modified_gmt":"2013-10-12T22:10:49","slug":"01-07-2011-bis-05-05-2012","status":"publish","type":"page","link":"http:\/\/www.dummschwitzer.de\/blogsys2013\/?page_id=148","title":{"rendered":"01.07.2011 bis 05.05.2012"},"content":{"rendered":"<p><code>[Anmerkung: Dies ist der Originalbeitrag vom 01.07.2011 der alten Homepage]<\/code><\/p>\n<p><strong>Open for Friends<\/strong><\/p>\n<p>Hallo zusammen beim &#8222;neuen&#8220; LT Miep!Miep! Leverkusen<\/p>\n<p>Gut, auf den ersten Blick hat sich erstmal nur die Bannergrafik ge\u00e4ndert, die gr\u00f6\u00dften Neuerungen habe ich n\u00e4mlich in den letzten Tagen bereits nach und nach live geschickt.<br \/>\nDenn nun sind sie vorbei, die Einsamer-Dummschwitzer-Zeiten!<br \/>\nZugegeben, es hatte seinen Reiz der Einzige mit diesem rotzfrechen R\u00fcckenaufdruck zu sein. Egal ob im Training, oder Rennen.<br \/>\nAber auf lange Sicht hat es einen viel gr\u00f6\u00dferen Anreiz zusammen in einer Gruppe Sport zu betreiben.<br \/>\nDa aber mein Firmen-Lauftreff nach wie vor aus Zeitgr\u00fcnden nicht in Frage kommt, habe ich die Anfrage eines sehr guten Freundes, der selbst seit kurzem wieder mit dem Laufen angefangen hat, gr\u00fcndlich \u00fcberlegt und N\u00e4gel mit K\u00f6pfen gemacht:<\/p>\n<p><strong>Ich darf also ab heute, dem 1.Juli 2011 gleich zwei neue Gesichter hier begr\u00fc\u00dfen:<\/strong><br \/>\n<!--more--><br \/>\nAls da w\u00e4ren zum Einen <strong>Andr\u00e9<\/strong>, ebenjener Freund, der eigentlich &#8217;nur&#8216; ein Miep!Miep!-Shirt haben wollte, jetzt aber erster Neuzugang und wie ich ebenfalls eher ein wettkampforientierte L\u00e4ufer ist,<br \/>\nund zum Anderen <strong>Nils<\/strong>, ein beneidenswerter &#8222;Fitness-L\u00e4ufer&#8220;, der noch ohne Pulsuhr und Zeittabellen seine Runden um den Porzer Weiher dreht.<\/p>\n<p>Organisatorisch bedeutet dies (wie ihr vielleicht schon an den neuen Men\u00fc-Punkten bemerkt habt), dass die Homepage ab heute gewisserma\u00dfen zweigeteilt ist.<br \/>\nDa ist nach wie vor der &#8222;Dummschwitzer-Bereich&#8220;, welchen ich, Karsten, wie gehabt fortf\u00fchren werde.<br \/>\nVor allem eben der neu benannte, aber ansonsten unver\u00e4nderte &#8222;Kasi&#8217;s BLOG&#8220;, sowie das ebenfalls neu benannte &#8222;Kasi&#8217;s N\u00e4hk\u00e4stchen&#8220;.<\/p>\n<p>Die anderen Bereiche betreffen alle L\u00e4ufer des LT Miep!Miep! gleicherma\u00dfen.<br \/>\nAls da w\u00e4ren:<\/p>\n<ul>\n<li>Der Sinn des LTs sowie seine Gr\u00fcndungsgeschichte (<strong>\u00dcber den LT<\/strong> -> <strong>Der &#8218;Ur-Dummschwitzer&#8216;<\/strong>)<\/li>\n<li>die Mitgliederliste (<strong>Mitglieder<\/strong>)<\/li>\n<li>Geplante, sowie vergangene Rennen und deren Ergebnisse (<strong>Termine<\/strong> -> Jahrg\u00e4nge)<\/li>\n<li>Ein (<del>noch immer jungfr\u00e4uliches!!!<\/del> soeben eingeweihtes) <strong>G\u00e4stebuch<\/strong>\n<li>Eine (<del>ebenfalls<\/del> leider noch leere) Foto-<strong>Galerie<\/strong><\/li>\n<li><strong>Downloads<\/strong><\/li>\n<li>Sowie ein <strong>Impressum<\/strong><\/li>\n<\/li>\n<\/ul>\n<p>Au\u00dferdem findet ihr im rechts als obersten Punkt im Seiten-Men\u00fc ab sofort eine kleines Infofeld mit der Angabe wann und wo der n\u00e4chste Wettkampf mit welcher Miep!Miep!-Beteiligung stattfinden wird.<br \/>\nDarunter ist wie gewohnt der Kalender mit den Blog-Eintr\u00e4gen, die Volltextsuche und eine Kategore-\u00dcbersicht der Blogbeitr\u00e4ge.<br \/>\nDer Einfachheit halber werde ich auch &#8222;News&#8220; die den gesamten LT betreffen im Blog ver\u00f6ffentlichen. Diese Beitr\u00e4ge findet ihr dann in der Kategorie &#8222;<strong>Update (Miep!Miep!-News)<\/strong>&#8220;<br \/>\nAnsosten wird der Blog haupts\u00e4chlich von mir selbst und meinen Kapriolen auf der Laufbahn handeln.<br \/>\nJedoch werde ich nicht mehr sooo exessiv berichten, denn selbst ich laufbegeistertes TukTuk merke, dass sich einige Themen bereits wiederholen und sich auch die verschiedenen Rennberichte oft sehr gleichen.<br \/>\nLangweilig wirds wohl aber trotzdem nicht werden.<\/p>\n<p>Als letzen Punkt im Seitenmen\u00fc gibt es jetzt auch &#8222;<strong>Externe Links<\/strong>&#8220; zu anderen L\u00e4ufer-BLOGs, Lauf-Kolumnen, sowie Laufverwandten Websites.<\/p>\n<p>Viel mehr wird sich f\u00fcr euch, meine 4 treuen Leser, hier aber erstmal nicht \u00e4ndern. Au\u00dfer vielleicht, dass wir wenn uns der Hafer sticht, vielleicht ein paar Fan-Tshirts bedrucken lassen, da wir momentan eh Stammkunde beim Beflocker sind. Immerhin wollen zwei weitere L\u00e4ufer nach und nach voll ausgestattet werden.<\/p>\n<p>Auf die Zukunft!<\/p>\n<p>Euer Karsten<\/p>\n","protected":false},"excerpt":{"rendered":"<p>[Anmerkung: Dies ist der Originalbeitrag vom 01.07.2011 der alten Homepage] Open for Friends Hallo zusammen beim &#8222;neuen&#8220; LT Miep!Miep! Leverkusen Gut, auf den ersten Blick hat sich erstmal nur die Bannergrafik ge\u00e4ndert, die gr\u00f6\u00dften Neuerungen habe ich n\u00e4mlich in den &hellip; <a href=\"http:\/\/www.dummschwitzer.de\/blogsys2013\/?page_id=148\">Weiterlesen <span class=\"meta-nav\">&rarr;<\/span><\/a><\/p>\n","protected":false},"author":1,"featured_media":0,"parent":706,"menu_order":20,"comment_status":"closed","ping_status":"closed","template":"","meta":{"_mc_calendar":[],"_links_to":"","_links_to_target":""},"_links":{"self":[{"href":"http:\/\/www.dummschwitzer.de\/blogsys2013\/index.php?rest_route=\/wp\/v2\/pages\/148"}],"collection":[{"href":"http:\/\/www.dummschwitzer.de\/blogsys2013\/index.php?rest_route=\/wp\/v2\/pages"}],"about":[{"href":"http:\/\/www.dummschwitzer.de\/blogsys2013\/index.php?rest_route=\/wp\/v2\/types\/page"}],"author":[{"embeddable":true,"href":"http:\/\/www.dummschwitzer.de\/blogsys2013\/index.php?rest_route=\/wp\/v2\/users\/1"}],"replies":[{"embeddable":true,"href":"http:\/\/www.dummschwitzer.de\/blogsys2013\/index.php?rest_route=%2Fwp%2Fv2%2Fcomments&post=148"}],"version-history":[{"count":3,"href":"http:\/\/www.dummschwitzer.de\/blogsys2013\/index.php?rest_route=\/wp\/v2\/pages\/148\/revisions"}],"predecessor-version":[{"id":709,"href":"http:\/\/www.dummschwitzer.de\/blogsys2013\/index.php?rest_route=\/wp\/v2\/pages\/148\/revisions\/709"}],"up":[{"embeddable":true,"href":"http:\/\/www.dummschwitzer.de\/blogsys2013\/index.php?rest_route=\/wp\/v2\/pages\/706"}],"wp:attachment":[{"href":"http:\/\/www.dummschwitzer.de\/blogsys2013\/index.php?rest_route=%2Fwp%2Fv2%2Fmedia&parent=148"}],"curies":[{"name":"wp","href":"https:\/\/api.w.org\/{rel}","templated":true}]}}