{"id":32,"date":"2013-02-20T13:44:09","date_gmt":"2013-02-20T11:44:09","guid":{"rendered":"http:\/\/www.dummschwitzer.de\/blogsys2013\/?page_id=32"},"modified":"2014-08-15T20:48:45","modified_gmt":"2014-08-15T18:48:45","slug":"spasveranstaltungen","status":"publish","type":"page","link":"http:\/\/www.dummschwitzer.de\/blogsys2013\/?page_id=32","title":{"rendered":"&#8218;Spa\u00dfveranstaltungen&#8216;"},"content":{"rendered":"<p>Hier findet Ihr die Ergebnisse einiger &#8222;Spa\u00df-Wettk\u00e4mpfe&#8220;, an denen ich teilgenommen habe.<\/p>\n<p><code>Name : <strong>Swim-Challenge - Leverkusen<\/strong><\/code><br \/>\n<code>Datum: <strong>31.08.2014<\/strong><\/code><br \/>\n<code>Info : 60 \/ 90 \/ 120min Streckenschwmmen (50m Becken, Wiembachtal Freibad)<\/code><br \/>\n<code>Links: <a href=\"http:\/\/swimchallenge.de\" target=\"_blank\">Veranstalter<\/a><\/code><br \/>\n<code><strong>Ergebnis:<\/strong><\/code><br \/>\n<code>Teilnahme wegen Trainingsunfalles abgesagt.<\/code><\/p>\n<p><code>Name : <strong>Usee-Schwimmen<\/strong><\/code><br \/>\n<code>Datum: <strong>24.08.2014<\/strong><\/code><br \/>\n<code>Info : 2km \/ 3km Freiwasserschwimmen<\/code><br \/>\n<code>Links: <a href=\"http:\/\/www.usee-schwimmen.de\" target=\"_blank\">Veranstalter<\/a><\/code><br \/>\n<code><strong>Ergebnis:<\/strong><\/code><br \/>\n<code>Teilnahme wegen Trainingsunfalles abgesagt.<\/code><\/p>\n<p><code>Name : <strong>Swim-Challenge - Leverkusen<\/strong><\/code><br \/>\n<code>Datum: <strong>02.02.2014<\/strong><\/code><br \/>\n<code>Info : 60 \/ 90 \/ 120min Streckenschwmmen (25m Becken, CaLevornia Hallenbad)<\/code><br \/>\n<code>Links: <a href=\"http:\/\/swimchallenge.de\" target=\"_blank\">Veranstalter<\/a><\/code><br \/>\n<code><strong>Ergebnis:<\/strong><\/code><br \/>\n<code>120min \/ 6800m (272 Bahnen)<\/code><\/p>\n<p><code>Name : <strong>Rheinschwimmen Erpel - Unkel<\/strong><\/code><br \/>\n<code>Datum: <strong>19.08.2012<\/strong><\/code><br \/>\n<code>Info : ca. 3km rheinabw\u00e4rts schwimmen<\/code><br \/>\n<code>Links: <a href=\"http:\/\/www.kc-unkel.de\" target=\"_blank\">Veranstalter<\/a><\/code><br \/>\n<code><strong>Ergebnis:<\/strong><\/code><br \/>\n<code>Gesamtplatz: 4\/450 (Startgruppe I)<\/code><\/p>\n<p><code>Name : <strong>StrongmanRun 2012<\/strong><\/code><br \/>\n<code>Datum: <strong>05.05.2012<\/strong><\/code><br \/>\n<code>Info : 20km Hindernislauf am N\u00fcrburgring<\/code><br \/>\n<code>Links: <a href=\"http:\/\/www.strongmanrun.de\" target=\"_blank\">Veranstalter<\/a><\/code><br \/>\n<code><strong>Ergebnis:<\/strong><\/code><br \/>\n<code>2:01:51h, M\u00e4nnerwertung: 72\/8088, Gesamtplatz: 73\/9073<\/code><\/p>\n<p><code>Name : <strong>StrongmanRun 2011<\/strong><\/code><br \/>\n<code>Datum: <strong>17.04.2011<\/strong><\/code><br \/>\n<code>Info : 20km Hindernislauf am N\u00fcrburgring<\/code><br \/>\n<code>Links: <a href=\"http:\/\/www.strongmanrun.de\" target=\"_blank\">Veranstalter<\/a> | <a href=\"http:\/\/www.dummschwitzer.de\/blogsys2013\/?p=164\">Bericht des LT Miep!Miep!<\/a><\/code><br \/>\n<code><strong>Ergebnis:<\/strong><\/code><br \/>\n<code>1:49:20h, M\u00e4nnerwertung: 197\/7656, Gesamtplatz: 199\/8890<\/code><\/p>\n","protected":false},"excerpt":{"rendered":"<p>Hier findet Ihr die Ergebnisse einiger &#8222;Spa\u00df-Wettk\u00e4mpfe&#8220;, an denen ich teilgenommen habe. Name : Swim-Challenge &#8211; Leverkusen Datum: 31.08.2014 Info : 60 \/ 90 \/ 120min Streckenschwmmen (50m Becken, Wiembachtal Freibad) Links: Veranstalter Ergebnis: Teilnahme wegen Trainingsunfalles abgesagt. Name : &hellip; <a href=\"http:\/\/www.dummschwitzer.de\/blogsys2013\/?page_id=32\">Weiterlesen <span class=\"meta-nav\">&rarr;<\/span><\/a><\/p>\n","protected":false},"author":1,"featured_media":0,"parent":726,"menu_order":3000,"comment_status":"closed","ping_status":"closed","template":"","meta":{"_mc_calendar":[],"_links_to":"","_links_to_target":""},"_links":{"self":[{"href":"http:\/\/www.dummschwitzer.de\/blogsys2013\/index.php?rest_route=\/wp\/v2\/pages\/32"}],"collection":[{"href":"http:\/\/www.dummschwitzer.de\/blogsys2013\/index.php?rest_route=\/wp\/v2\/pages"}],"about":[{"href":"http:\/\/www.dummschwitzer.de\/blogsys2013\/index.php?rest_route=\/wp\/v2\/types\/page"}],"author":[{"embeddable":true,"href":"http:\/\/www.dummschwitzer.de\/blogsys2013\/index.php?rest_route=\/wp\/v2\/users\/1"}],"replies":[{"embeddable":true,"href":"http:\/\/www.dummschwitzer.de\/blogsys2013\/index.php?rest_route=%2Fwp%2Fv2%2Fcomments&post=32"}],"version-history":[{"count":12,"href":"http:\/\/www.dummschwitzer.de\/blogsys2013\/index.php?rest_route=\/wp\/v2\/pages\/32\/revisions"}],"predecessor-version":[{"id":1022,"href":"http:\/\/www.dummschwitzer.de\/blogsys2013\/index.php?rest_route=\/wp\/v2\/pages\/32\/revisions\/1022"}],"up":[{"embeddable":true,"href":"http:\/\/www.dummschwitzer.de\/blogsys2013\/index.php?rest_route=\/wp\/v2\/pages\/726"}],"wp:attachment":[{"href":"http:\/\/www.dummschwitzer.de\/blogsys2013\/index.php?rest_route=%2Fwp%2Fv2%2Fmedia&parent=32"}],"curies":[{"name":"wp","href":"https:\/\/api.w.org\/{rel}","templated":true}]}}