{"id":39,"date":"2013-02-20T13:47:20","date_gmt":"2013-02-20T11:47:20","guid":{"rendered":"http:\/\/www.dummschwitzer.de\/blogsys2013\/?page_id=39"},"modified":"2014-09-17T10:32:02","modified_gmt":"2014-09-17T08:32:02","slug":"2012-2","status":"publish","type":"page","link":"http:\/\/www.dummschwitzer.de\/blogsys2013\/?page_id=39","title":{"rendered":"2012"},"content":{"rendered":"<p><strong>LAUFEN<\/strong><\/p>\n<p><strong>fett<\/strong> gedruckte Meldungen wurden bereits best\u00e4tigt<br \/>\n<em>kursiv<\/em> gedruckte Platzierungen sind M\u00e4nner &#038; Frauen Gesamtwertungen<br \/>\nnormal gedruckte Platzierungen sind reines M\u00e4nner-Klassement<\/p>\n<p><strong>04.03. &#8211; Stra\u00dfe &#8211; &#8222;31. Rund ums Bayerkreuz&#8220; &#8211; Leverkusen<\/strong><br \/>\n<code>10km, 37:53min, 3:47min\/km, 15,84km\/h, M30: 19\/64, Platz: 177\/726<\/code><\/p>\n<p><del><strong>25.03. &#8211; Stra\u00dfe &#8211; &#8222;25. Kieler Hochbr\u00fcckenlauf&#8220; &#8211; Kiel<\/strong><\/del><br \/>\n<code>Teilnahme wegen Krankheit \/ Verletzung abgesagt.<\/code><\/p>\n<p><strong>01.05. &#8211; Stra\u00dfe &#8211; &#8222;4. 9 Meilen vom NeulandPark&#8220; &#8211; Leverkusen<\/strong><br \/>\n<code>5km, 18:53min, 3:46min\/km, 15,90km\/h, M30: 1\/1, Platz: 2\/36<\/code><\/p>\n<p><strong>26.05 &#8211; Stra\u00dfe &#8211; &#8222;32. Internationaler Volkslauf&#8220; &#8211; Dormagen Straberg<\/strong><br \/>\n<code>10km, 40:07min, 4:01min\/km, 14,94km\/h, M30: 2\/6, <em>Platz: 8\/84<\/em><\/code><\/p>\n<p><strong>02.06. &#8211; Stra\u00dfe &#8211; &#8222;30. Internationaler Neusser Sommernachtslauf&#8220; &#8211; Neuss<\/strong><br \/>\n<code>5km, 18:53min, 3:47min\/km, 15,86km\/h, MHK: 17\/498, Platz: 18\/746<\/code><\/p>\n<p><strong>03.06. &#8211; Stra\u00dfe &#8211; &#8222;12. EVL Halbmarathon&#8220; &#8211; Leverkusen<\/strong><br \/>\n<code>10km, 39:23min, 3:56min\/km, 15,25km\/h, M30: 1\/38, Platz: 11\/531<\/code><\/p>\n<p><del><strong>24.06. &#8211; Stra\u00dfe &#8211; &#8222;29. Internationaler Trierer Stadtlauf&#8220; &#8211; Trier<\/strong><\/del><br \/>\n<code>10km, Teilnahme wegen Krankheit \/ Verletzung abgesagt.<\/code><\/p>\n<p><strong>08.07. &#8211; Stra\u00dfe &#8211; &#8222;24. Rheinbogen-Lauf&#8220;, K\u00f6ln-Wei\u00df<\/strong><br \/>\n<code>10km, 40:06min, 4:01min\/km, 14,94km\/h, M30: 9\/19, Platz: 45\/175<\/code><\/p>\n<p><strong>29.07. &#8211; Stra\u00dfe &#8211; &#8222;15. 10 Meilen von K\u00f6ln&#8220;, K\u00f6ln-Gremberghoven<\/strong><br \/>\n<code>10km, 45:11min, 4:31min\/km, 13,28km\/h, M30: 09\/20, Platz 45\/134<\/code><\/p>\n<p><strong>26.08. &#8211; Wald &#8211; &#8222;37. Sengbachtalsperren-Lauf\u201d, Leichlingen-Witzhelden&#8220;<\/strong><br \/>\n<code>11,3km, 46:57min, 4:09min\/km, 14,44km\/h, M30: 3\/18, Platz: 9\/214<\/code><\/p>\n<p><strong>23.09. &#8211; Stra\u00dfe &#8211; &#8222;24. Rund um den F\u00fchlinger See&#8220; &#8211; K\u00f6ln-F\u00fchlingen<\/strong><br \/>\n<code>10km, 38:51min, 3:53min\/km, 15,44km\/h, M30: 3\/xx, Platz: 15\/xx<\/code><\/p>\n<p><strong>04.11. &#8211; Wald &#8211; &#8222;37. Wurzelweglauf der TG Konz&#8220; &#8211; Konz<\/strong><br \/>\n<code>10km, 43:27min, 4:21min\/km, 13,70km\/h, M30: 2\/7, <em>Platz: 12\/94<\/em><\/code><\/p>\n<p><strong>11.11. &#8211; Stra\u00dfe &#8211; &#8222;2. Winterlaufserie, MIDI Rennen 1 \/ 3&#8220; &#8211; Leverkusen<\/strong><br \/>\n<code>10km, 41:01min, 4:06min\/km, 14,63km\/h, M30: 2\/x, Platz: 30\/xx<\/code><\/p>\n<p><strong>08.12. &#8211; Cross &#8211; &#8222;30. Nikolauslauf der TG Neuss&#8220; &#8211; Neuss<\/strong><br \/>\n<code>5km, 21:56min, 4:23min\/km, 13,69km\/h, M30: 3\/xx, Platz: xx\/xx<\/code><\/p>\n<p><strong>09.12. &#8211; Stra\u00dfe &#8211; &#8222;2. Winterlaufserie, MIDI Rennen 2 \/ 3&#8220; &#8211; Leverkusen<\/strong><br \/>\n<code>10km, 42:44min, 4:16min\/km, 14,06km\/h, M30: 1\/6, Platz: 4\/48<\/code><\/p>\n<p><strong>31.12. &#8211; Stra\u00dfe &#8211; &#8222;23. Bitburger-Silvesterlauf&#8220; &#8211; Trier<\/strong><br \/>\n<code>K8km, 31:42min, 3:58min\/km, 15,13km\/h, M30: 3\/68, Platz: 25\/585<\/code><\/p>\n<p><strong>13.01. &#8211; Strasse &#8211; &#8222;2. Winterlaufserie, MIDI Rennen 3 \/ 3&#8220; &#8211; Leverkusen<\/strong><br \/>\n<code>10km, 39:41min, 3:58min\/km, 15,13km\/h, M30: 1\/11, Platz: 20\/99<\/code><\/p>\n<p>Gesamtergebnis der Serie:<br \/>\n<code>K3x 10km, 2:03:27h, 4:07min\/km, 14,57km\/h, M30: 1\/5, Platz: 3\/23<\/code><\/p>\n<p style=\"text-align: right;\">(letzte \u00c4nderung: 2013-01-01)<\/p \n\n","protected":false},"excerpt":{"rendered":"<p>LAUFEN fett gedruckte Meldungen wurden bereits best\u00e4tigt kursiv gedruckte Platzierungen sind M\u00e4nner &#038; Frauen Gesamtwertungen normal gedruckte Platzierungen sind reines M\u00e4nner-Klassement 04.03. &#8211; Stra\u00dfe &#8211; &#8222;31. Rund ums Bayerkreuz&#8220; &#8211; Leverkusen 10km, 37:53min, 3:47min\/km, 15,84km\/h, M30: 19\/64, Platz: 177\/726 25.03. &hellip; <a href=\"http:\/\/www.dummschwitzer.de\/blogsys2013\/?page_id=39\">Weiterlesen <span class=\"meta-nav\">&rarr;<\/span><\/a><\/p>\n","protected":false},"author":1,"featured_media":0,"parent":859,"menu_order":-2012,"comment_status":"closed","ping_status":"closed","template":"","meta":{"_mc_calendar":[],"_links_to":"","_links_to_target":""},"_links":{"self":[{"href":"http:\/\/www.dummschwitzer.de\/blogsys2013\/index.php?rest_route=\/wp\/v2\/pages\/39"}],"collection":[{"href":"http:\/\/www.dummschwitzer.de\/blogsys2013\/index.php?rest_route=\/wp\/v2\/pages"}],"about":[{"href":"http:\/\/www.dummschwitzer.de\/blogsys2013\/index.php?rest_route=\/wp\/v2\/types\/page"}],"author":[{"embeddable":true,"href":"http:\/\/www.dummschwitzer.de\/blogsys2013\/index.php?rest_route=\/wp\/v2\/users\/1"}],"replies":[{"embeddable":true,"href":"http:\/\/www.dummschwitzer.de\/blogsys2013\/index.php?rest_route=%2Fwp%2Fv2%2Fcomments&post=39"}],"version-history":[{"count":12,"href":"http:\/\/www.dummschwitzer.de\/blogsys2013\/index.php?rest_route=\/wp\/v2\/pages\/39\/revisions"}],"predecessor-version":[{"id":1032,"href":"http:\/\/www.dummschwitzer.de\/blogsys2013\/index.php?rest_route=\/wp\/v2\/pages\/39\/revisions\/1032"}],"up":[{"embeddable":true,"href":"http:\/\/www.dummschwitzer.de\/blogsys2013\/index.php?rest_route=\/wp\/v2\/pages\/859"}],"wp:attachment":[{"href":"http:\/\/www.dummschwitzer.de\/blogsys2013\/index.php?rest_route=%2Fwp%2Fv2%2Fmedia&parent=39"}],"curies":[{"name":"wp","href":"https:\/\/api.w.org\/{rel}","templated":true}]}}