{"id":712,"date":"2013-10-13T00:29:18","date_gmt":"2013-10-12T22:29:18","guid":{"rendered":"http:\/\/www.dummschwitzer.de\/blogsys2013\/?page_id=712"},"modified":"2015-06-19T11:16:04","modified_gmt":"2015-06-19T09:16:04","slug":"uber","status":"publish","type":"page","link":"http:\/\/www.dummschwitzer.de\/blogsys2013\/?page_id=712","title":{"rendered":"\u00dcber mich"},"content":{"rendered":"<p><strong>Name:<\/strong> Karsten Stichler<br \/>\n<strong>Jahrgang:<\/strong> 26.09.1980<br \/>\n<strong>Gr\u00f6\u00dfe:<\/strong> 187cm<br \/>\n<strong>Gewicht:<\/strong> 77-80kg (je nach Jahreszeit)<br \/>\n<strong>Hobbies:<\/strong> Triathlon!<br \/>\n&#8230; und wenn Zeit \u00fcber ist: Motorrad \/ Kochen \/ Gitarre \/ Piano \/ Schlagzeug \/ Bloggen \/ Fotografie \/ Videoschnitt<br \/>\nam Liebsten nat\u00fcrlich f\u00fcr und mit Freunden.<\/p>\n<p><strong>Trainer:<\/strong> <a href=\"http:\/\/www.proathletes.de\" target=\"_blank\">Frederik Martin, ProAthletes<\/a> (seit 02 \/ 2015)<\/p>\n<p><strong>Verein:<\/strong> <a href=\"http:\/\/www.asv-triathlon.org\" target=\"_blank\">ASV K\u00f6ln Triathlon<\/a><\/p>\n<p><strong>Motto:<\/strong> Wenn du <em>alles<\/em> gegeben hast, ist es keine Niederlage!<\/p>\n<p><strong>Werdegang:<\/strong> Schon recht fr\u00fch kam ich mit dem Rennrad (als Hobby, ohne Ambitionen) in Kontakt, hatte am <a href=\"http:\/\/www.dummschwitzer.de\/blogsys2013\/?p=888\" target=\"_self\">24.3.1989 (Karfreitag)<\/a> -im Alter von 8 Jahren- bei einer l\u00e4ngeren Tagestour dann den ersten heftigeren Sturz mit gro\u00dffl\u00e4chigen Absch\u00fcrfungen, Milzruptur und Not-OP.<br \/>\nAber man soll ja direkt wieder aufs Pferd steigen &#8211; gesagt, getan.<br \/>\nW\u00e4hrend meiner Schulzeit kam ich \u00fcber eine Sport-AG zum Florett- und Degenfechten; dies jedoch auf einem professionellenerem Level.<br \/>\nNach 5 Jahren, u.a. beim TSV Bayer Leverkusen, hing ich schlie\u00dflich die Klingen an den Nagel und meine Kniegelenke danken es mir noch heute!<br \/>\nParallel dazu unternahm ich auch immer wieder mehrt\u00e4gige Radtouren (u.a. Balaton &#8211; Regensburg oder Leverkusen &#8211; Frankfurt &#8211; Pirmasens und eine Bodenseeumrundung).<br \/>\nMit Beginn der Ausbildung, 1997, ebbte der Sportdrang irgendwie komplett ab. Stattdessen fing ich an zu rauchen.<br \/>\nKann aber auch andersrum gewesen sein&#8230;<br \/>\n2006 kaufte ich mir dann anstatt Zigaretten jedenfalls wieder ein altgedientes Peugeot-Rennrad.<br \/>\n2008 brachte mich meine damalige Freundin Yasmin dann zus\u00e4tzlich zum Joggen und im Sommer 2010 nahm ich aus Spa\u00df an der Freude an einem <a href=\"http:\/\/www.dummschwitzer.de\/blogsys2013\/?p=272\" target=\"_self\">10km Stadtlauf in Trier<\/a> teil. Mit einer Zeit von 44:47min war mein Ergeiz geweckt und bereits jetzt spukte der Gedanke an einen Triathlon in meinem Kopf herum.<br \/>\nAlso das Peugeot-Rennrad wieder reaktiviert und durchgecheckt.<br \/>\nMeine erste Trainingsfahrt endete am 17.07.2010 jedoch in einem beinahe t\u00f6dlichen Sturz mit schweren Gesichtsverletzungen, Sch\u00e4del-Hirn-Trauma und Rad-Totalschaden.<br \/>\nEnde Oktober 2010 nahm sich Yasmin das Leben.<br \/>\n&#8230; ich werde es nie verstehen, aber ich denke nach 3 1\/2 Jahren habe ich es irgendwie akzeptiert.<br \/>\nTags\u00fcber &#8218;betreuten&#8216; mich einige Freunde, abends lief ich mir den Schmerz von der Seele -sas Wochenpensum stieg von 30 auf \u00fcber 100 Kilometer-<br \/>\nJanuar 2011 entstand dann dieser Blog &#8222;damit ich was zu tun habe&#8220; und ich begann auch etwas Struktur in meine ohnehin viel zu vielen Wochenkilometer zu bringen.<br \/>\nDas Ziel: 10km unter 40min.<br \/>\nIm M\u00e4rz 2011 lag ich bereits bei 38:31min und ich st\u00fcrzte mich von einem Wettkampf in den N\u00e4chsten.<br \/>\nIm Juli 2011 startete ich beim <a href=\"http:\/\/www.dummschwitzer.de\/blogsys2013\/?p=282\" target=\"_self\">&#8222;3. Run of Colours&#8220;<\/a> zugunsten der AIDShilfe K\u00f6ln. Ein weiterer wichtiger Schritt f\u00fcr mich zur\u00fcck zur &#8218;Normalit\u00e4t&#8216;, auch wenn ich auf der R\u00fcckfahrt ein wenig -sagen wirs offen- <a href=\"http:\/\/www.dummschwitzer.de\/blogsys2013\/?p=283\" target=\"_self\">&#8222;zusammengeklappt&#8220;<\/a> bin.<br \/>\nBei der leverkusener Winterlaufserie 2011 \/ 2012 kam ich mit gutgelaunten Athleten des ASV K\u00f6ln Triathlon in Kontakt und begegnete ihnen immer mal wieder bei verschiedenen Wettk\u00e4mpfen in der Region.<br \/>\nDie Neugierde war wieder geweckt und so veranstaltete ich im Februar 2012 einen <a href=\"http:\/\/www.dummschwitzer.de\/blogsys2013\/?p=395\" target=\"_self\">&#8222;Trockentriathlon 70.3&#8220;<\/a> im \u00f6rtlichen Schwimmbad und Fitness-Studio.<br \/>\nNach diesen 5:02:15h war ich schlie\u00dflich endg\u00fcltig &#8218;infiziert&#8216; und kaufte mir wieder ein Rad: Eine Zeitfahrmaschine, die ich &#8218;Noho&#8216; taufte, das hawaiianische Wort f\u00fcr &#8222;leben&#8220;&#8230;<\/p>\n<p><strong>Sportliche Ziele:<\/strong> Sprint- \/ Kurzdistanz im Ligabetrieb &#038; ggf. Reinschnuppern in die Mitteldistanz<br \/>\n<strong>Deshalb:<\/strong> Triathlon ist nicht immer gleich Langdistanz. ;-)<\/p>\n<p><strong>Sportliche Vorbilder:<\/strong> Sebastian Kienle<br \/>\n<strong>Deshalb:<\/strong> Sebi hat (nat\u00fcrlich auf einem viel h\u00f6heren Niveau!) ungef\u00e4hr meine St\u00e4rken und Schw\u00e4chen.<\/p>\n<p><strong><a href=\"http:\/\/www.dummschwitzer.de\/blogsys2013\/?page_id=1103\" target=\"_self\">Sportliche Erfolge (Link)<\/a><\/strong><\/p>\n","protected":false},"excerpt":{"rendered":"<p>Name: Karsten Stichler Jahrgang: 26.09.1980 Gr\u00f6\u00dfe: 187cm Gewicht: 77-80kg (je nach Jahreszeit) Hobbies: Triathlon! &#8230; und wenn Zeit \u00fcber ist: Motorrad \/ Kochen \/ Gitarre \/ Piano \/ Schlagzeug \/ Bloggen \/ Fotografie \/ Videoschnitt am Liebsten nat\u00fcrlich f\u00fcr und &hellip; <a href=\"http:\/\/www.dummschwitzer.de\/blogsys2013\/?page_id=712\">Weiterlesen <span class=\"meta-nav\">&rarr;<\/span><\/a><\/p>\n","protected":false},"author":1,"featured_media":0,"parent":0,"menu_order":10,"comment_status":"closed","ping_status":"closed","template":"","meta":{"_mc_calendar":[],"_links_to":"","_links_to_target":""},"_links":{"self":[{"href":"http:\/\/www.dummschwitzer.de\/blogsys2013\/index.php?rest_route=\/wp\/v2\/pages\/712"}],"collection":[{"href":"http:\/\/www.dummschwitzer.de\/blogsys2013\/index.php?rest_route=\/wp\/v2\/pages"}],"about":[{"href":"http:\/\/www.dummschwitzer.de\/blogsys2013\/index.php?rest_route=\/wp\/v2\/types\/page"}],"author":[{"embeddable":true,"href":"http:\/\/www.dummschwitzer.de\/blogsys2013\/index.php?rest_route=\/wp\/v2\/users\/1"}],"replies":[{"embeddable":true,"href":"http:\/\/www.dummschwitzer.de\/blogsys2013\/index.php?rest_route=%2Fwp%2Fv2%2Fcomments&post=712"}],"version-history":[{"count":72,"href":"http:\/\/www.dummschwitzer.de\/blogsys2013\/index.php?rest_route=\/wp\/v2\/pages\/712\/revisions"}],"predecessor-version":[{"id":1107,"href":"http:\/\/www.dummschwitzer.de\/blogsys2013\/index.php?rest_route=\/wp\/v2\/pages\/712\/revisions\/1107"}],"wp:attachment":[{"href":"http:\/\/www.dummschwitzer.de\/blogsys2013\/index.php?rest_route=%2Fwp%2Fv2%2Fmedia&parent=712"}],"curies":[{"name":"wp","href":"https:\/\/api.w.org\/{rel}","templated":true}]}}