{"id":726,"date":"2013-10-13T00:38:13","date_gmt":"2013-10-12T22:38:13","guid":{"rendered":"http:\/\/www.dummschwitzer.de\/blogsys2013\/?page_id=726"},"modified":"2013-10-13T00:39:01","modified_gmt":"2013-10-12T22:39:01","slug":"termine-ergebnisse","status":"publish","type":"page","link":"http:\/\/www.dummschwitzer.de\/blogsys2013\/?page_id=726","title":{"rendered":"Termine &#038; Ergebnisse"},"content":{"rendered":"<p>Geplante und vergangene Wettk\u00e4mpfe.<br \/>\nBitte Jahrgang aus dem Men\u00fc ausw\u00e4hlen.<\/p>\n","protected":false},"excerpt":{"rendered":"<p>Geplante und vergangene Wettk\u00e4mpfe. Bitte Jahrgang aus dem Men\u00fc ausw\u00e4hlen.<\/p>\n","protected":false},"author":1,"featured_media":0,"parent":0,"menu_order":20,"comment_status":"closed","ping_status":"closed","template":"","meta":{"_mc_calendar":[],"_links_to":"","_links_to_target":""},"_links":{"self":[{"href":"http:\/\/www.dummschwitzer.de\/blogsys2013\/index.php?rest_route=\/wp\/v2\/pages\/726"}],"collection":[{"href":"http:\/\/www.dummschwitzer.de\/blogsys2013\/index.php?rest_route=\/wp\/v2\/pages"}],"about":[{"href":"http:\/\/www.dummschwitzer.de\/blogsys2013\/index.php?rest_route=\/wp\/v2\/types\/page"}],"author":[{"embeddable":true,"href":"http:\/\/www.dummschwitzer.de\/blogsys2013\/index.php?rest_route=\/wp\/v2\/users\/1"}],"replies":[{"embeddable":true,"href":"http:\/\/www.dummschwitzer.de\/blogsys2013\/index.php?rest_route=%2Fwp%2Fv2%2Fcomments&post=726"}],"version-history":[{"count":2,"href":"http:\/\/www.dummschwitzer.de\/blogsys2013\/index.php?rest_route=\/wp\/v2\/pages\/726\/revisions"}],"predecessor-version":[{"id":728,"href":"http:\/\/www.dummschwitzer.de\/blogsys2013\/index.php?rest_route=\/wp\/v2\/pages\/726\/revisions\/728"}],"wp:attachment":[{"href":"http:\/\/www.dummschwitzer.de\/blogsys2013\/index.php?rest_route=%2Fwp%2Fv2%2Fmedia&parent=726"}],"curies":[{"name":"wp","href":"https:\/\/api.w.org\/{rel}","templated":true}]}}