{"id":753,"date":"2013-10-13T01:42:42","date_gmt":"2013-10-12T23:42:42","guid":{"rendered":"http:\/\/www.dummschwitzer.de\/blogsys2013\/?page_id=753"},"modified":"2015-02-22T15:03:38","modified_gmt":"2015-02-22T13:03:38","slug":"2014-2","status":"publish","type":"page","link":"http:\/\/www.dummschwitzer.de\/blogsys2013\/?page_id=753","title":{"rendered":"2014"},"content":{"rendered":"<p><strong>fett<\/strong> gedruckte Meldungen wurden bereits best\u00e4tigt<br \/>\n<em>kursiv<\/em> gedruckte Platzierungen sind M\u00e4nner &#038; Frauen Gesamtwertungen<br \/>\nnormal gedruckte Platzierungen sind reines M\u00e4nner-Klassement<\/p>\n<p>Triathlon-Distanzen: (J)edermann \/ (S)print \/ (K)urz \/ (M)ittel \/ (L)ang<br \/>\nZeitangaben: (S)wim \/ (B)ike \/ (R)un \/ (T)ransitions \/ (P)enalty<\/p>\n<p><strong>09.03. &#8211; &#8222;33. Rund ums Bayerkreuz&#8220; &#8211; Leverkusen<\/strong><br \/>\n<code>10km, 37:21min, 3:44min\/km, 16,07km\/h, M30: 17\/84, Platz: 107\/689<\/code><\/p>\n<p><strong>27.04. &#8211; &#8222;Bike &#038; Run Cologne&#8220;, K\u00f6ln (Short 25 \/ 10)<\/strong><br \/>\n<code>Teilnahme aufgrund techn. Defektes nicht m\u00f6glich ... \u00f6fter mal was Neues... <\/code><\/p>\n<p><strong>01.05. &#8211; &#8222;6. 9 Meilen vom NeulandPark&#8220; &#8211; Leverkusen<\/strong><br \/>\n<code>5000m, 18:42min, 3:44min\/km, 16,07km\/h, M30: 1\/xx, Platz: 2\/xx<\/code><br \/>\n<code>14.4km, 56:20min, 3:55min\/km, 15,32km\/h, M30: xx\/xx, Platz: 6\/xx<\/code><\/p>\n<p>Ergebnis der Kombiwertung 5km &#038; 9 Meilen:<br \/>\n<code>19.4km, 1:15:02, 3:52min\/km, 15,52km\/h, M30: 1\/xx, Platz: 2\/xx<\/code><\/p>\n<p><strong>11.05 &#8211; &#8222;Team EJOT Triathlon&#8220;, Buschh\u00fctten (J &#8211; 0,5 \/ 26 \/ 5,3)<\/strong><br \/>\n<code>1:07:00h,  M30: 3\/46, Platz: 18\/277<\/code><br \/>\n<code>S: 0:08:24h (50,4sek\/50m), T: in B, B: 0:38:35h (40,45km\/h), T: in R, R: 0:20:02h (3:47min\/km)<\/code><\/p>\n<p><strong>25.05. &#8211; &#8222;24. Hagener Sparda-Bank Triathlon&#8220;, Hagen (K &#8211; 1,0 \/ 43 \/ 10)<\/strong> <em>(Oberliga)<\/em><br \/>\n<code>2:16:16h, Platz: 6\/72, Team ASV K\u00f6ln II: Platz 3\/18<\/code><br \/>\n<code>S: 0:17:15h (xx,xsek\/50m), T; in \"B\", B: 1:12:12h (xx,xxkm\/h), T: in \"B\", R: 0:36:49h (x:xxmin\/km)<\/code><\/p>\n<p><strong>25.05. &#8211; &#8222;L\u00f6wentriathlon&#8220;, Hachenburg (J &#8211; 0,3 \/ 25 \/ 5)<\/strong><br \/>\n<code>Teilnahme wegen Ligaeinsatz in Hagen leider nicht m\u00f6glich<\/code><\/p>\n<p><strong>01.06. &#8211; &#8222;27. Pfl\u00fcger Triathlon&#8220;, Harsewinkel (K &#8211; 1,0 \/ 40 \/ 10)<\/strong> <em>(Regionalliga)<\/em><br \/>\n<code>1:53:37h, Platz: 10\/72, Team ASV K\u00f6ln I: Platz 4\/18<\/code><br \/>\n<code>S: 0:17:22h (xx,xsek\/50m), T: in \"S\", B: 0:57:13h (42,60km\/h), T: in \"B\", R: 0:39:02h (x:xxmin\/km)<\/code><\/p>\n<p><strong>15.06. &#8211; &#8222;Aasee-Triathlon&#8220;, Bocholt (K &#8211; 1,5 \/ 40 \/ 10)<\/strong><br \/>\n<code>2:02:14h,  M30: 2\/21, Platz: 3\/170<\/code><br \/>\n<code>S: 0:23:24h (46,8sek\/50m), T: in \"B\", B: 1:02:06h (38,71km\/h), T: in \"B\", R: 0:36:43h (3:40min\/km)<\/code><\/p>\n<p><strong>22.06. &#8211; &#8222;23. Steinbecker Triathlon-Festival, Steinbeck (K &#8211; 1,5 \/ 42 \/ 10,4)<\/strong><em> (Oberliga)<\/em><br \/>\n<code>2:09:24h, Platz: 4\/72, Team ASV K\u00f6ln II: Platz 1\/18<\/code><br \/>\n<code>S: 0:25:33h (51,1sek\/50m), T: x:xxmin, B: 1:02:12h (40,45km\/h), T: x:xxmin, R: 0:39:28h (3:48min\/km)<\/code><\/p>\n<p><strong>29.06. &#8211; &#8222;6. Hennefer Triathlon&#8220;, Hennef (S &#8211; 0,75 \/ 20 \/ 5)<\/strong><br \/>\n<code>1:07:26h,  M30: 1\/35, Platz: 4\/144<\/code><br \/>\n<code>S: 0:13:52h (55,5sek\/50m), T: in \"B\", B: 0:35:20h (33,96km\/h), T: in \"B\", R: 0:18:15h (3:39min\/km)<\/code><\/p>\n<p><del><strong>25.07. &#8211; &#8222;Rad am Ring &#8211; &#8218;unechter Duathlon'&#8220;, N\u00fcrburgring (22 \/ 10)<\/strong><\/del><br \/>\n<code>Teilnahme wegen Trainingsunfalles abgesagt.<\/code><\/p>\n<p><del><strong>16.08. &#8211; &#8222;32. ATV-Triathlon&#8220;, H\u00fcckeswagen (J &#8211; 0,5 \/ 20 \/ 5,5)<\/strong><\/del><br \/>\n<code>Teilnahme wegen Trainingsunfalles abgesagt.<\/code><\/p>\n<p><del><strong>30.08. &#8211; &#8222;Herscheider Triathlon&#8220;, Herscheid ( S &#8211; 0,75 \/ 20 \/ 5)<\/strong> <em>(Oberliga)<\/em><\/del><br \/>\n<code>Teilnahme wegen Trainingsunfalles abgesagt.<\/code><\/p>\n<p><del><strong>07.09. &#8211; &#8222;Cologne Triathlon Weekend 2014&#8220;, K\u00f6ln (M &#8211; 1,9 \/ 90 \/ 21,1)<\/strong><\/del><br \/>\n<code>Teilnahme wegen Trainingsunfalles abgesagt.<\/code><\/p>\n<p><strong>21.09. &#8211; &#8222;26. Rund um den F\u00fchlinger See&#8220; &#8211; K\u00f6ln<\/strong><br \/>\n<code>HM, 1:32:44h, 4:24min\/km, 13,64km\/h, M30: 9\/28, Platz: 45\/228<\/code><\/p>\n<p><strong>26.09. &#8211; &#8222;38. Nachtlauf: 7 Meilen von Zons&#8220; &#8211; Zons<\/strong><br \/>\n<code>11.2km, 46:02min, 4:07min\/km, 14,57km\/h, M30: 5\/73, Platz: 31\/779<\/code><\/p>\n<p><strong>15.11. &#8211; &#8222;4. Winterlaufserie, MAXI Rennen 1 \/ 3&#8220; &#8211; Leverkusen<\/strong><br \/>\n<code>10km, 39:48min, 3:59min\/km, 15,06km\/h, M30: 4\/37, Platz: 18\/300<\/code><\/p>\n<p><strong>07.12. &#8211; &#8222;4. Winterlaufserie, MAXI Rennen 2 \/ 3&#8220; &#8211; Leverkusen<\/strong><br \/>\n<code>15km, 61:30min, 4:06min\/km, 14,63km\/h, M30: 2\/21, Platz: 16\/170<\/code><\/p>\n<p><del><strong>31.12. &#8211; &#8222;25. Bitburger-Silvesterlauf&#8220; &#8211; Trier<\/strong><\/del><br \/>\n<code>Teilnahme aufgrund 'logistischer Probleme' abgesagt<\/code><\/p>\n<p><strong>11.01. &#8211; &#8222;4. Winterlaufserie, MAXI Rennen 3 \/ 3&#8220; &#8211; Leverkusen<\/strong><br \/>\n<code>Teilnahme wegen Krankheit abgesagt<\/code><\/p>\n<p>Gesamtergebnis der Serie:<br \/>\n<code>Ohne Serienwertung, da 3. Rennen ausgelassen<\/code><\/p>\n<p style=\"text-align: right;\">(letzte \u00c4nderung: 2015-02-22)<\/p \n\n","protected":false},"excerpt":{"rendered":"<p>fett gedruckte Meldungen wurden bereits best\u00e4tigt kursiv gedruckte Platzierungen sind M\u00e4nner &#038; Frauen Gesamtwertungen normal gedruckte Platzierungen sind reines M\u00e4nner-Klassement Triathlon-Distanzen: (J)edermann \/ (S)print \/ (K)urz \/ (M)ittel \/ (L)ang Zeitangaben: (S)wim \/ (B)ike \/ (R)un \/ (T)ransitions \/ (P)enalty &hellip; <a href=\"http:\/\/www.dummschwitzer.de\/blogsys2013\/?page_id=753\">Weiterlesen <span class=\"meta-nav\">&rarr;<\/span><\/a><\/p>\n","protected":false},"author":1,"featured_media":0,"parent":859,"menu_order":-2014,"comment_status":"closed","ping_status":"closed","template":"","meta":{"_mc_calendar":[],"_links_to":"","_links_to_target":""},"_links":{"self":[{"href":"http:\/\/www.dummschwitzer.de\/blogsys2013\/index.php?rest_route=\/wp\/v2\/pages\/753"}],"collection":[{"href":"http:\/\/www.dummschwitzer.de\/blogsys2013\/index.php?rest_route=\/wp\/v2\/pages"}],"about":[{"href":"http:\/\/www.dummschwitzer.de\/blogsys2013\/index.php?rest_route=\/wp\/v2\/types\/page"}],"author":[{"embeddable":true,"href":"http:\/\/www.dummschwitzer.de\/blogsys2013\/index.php?rest_route=\/wp\/v2\/users\/1"}],"replies":[{"embeddable":true,"href":"http:\/\/www.dummschwitzer.de\/blogsys2013\/index.php?rest_route=%2Fwp%2Fv2%2Fcomments&post=753"}],"version-history":[{"count":56,"href":"http:\/\/www.dummschwitzer.de\/blogsys2013\/index.php?rest_route=\/wp\/v2\/pages\/753\/revisions"}],"predecessor-version":[{"id":1076,"href":"http:\/\/www.dummschwitzer.de\/blogsys2013\/index.php?rest_route=\/wp\/v2\/pages\/753\/revisions\/1076"}],"up":[{"embeddable":true,"href":"http:\/\/www.dummschwitzer.de\/blogsys2013\/index.php?rest_route=\/wp\/v2\/pages\/859"}],"wp:attachment":[{"href":"http:\/\/www.dummschwitzer.de\/blogsys2013\/index.php?rest_route=%2Fwp%2Fv2%2Fmedia&parent=753"}],"curies":[{"name":"wp","href":"https:\/\/api.w.org\/{rel}","templated":true}]}}