{"id":898,"date":"2014-04-02T12:56:01","date_gmt":"2014-04-02T10:56:01","guid":{"rendered":"http:\/\/www.dummschwitzer.de\/blogsys2013\/?page_id=898"},"modified":"2015-01-05T14:19:53","modified_gmt":"2015-01-05T12:19:53","slug":"2013-3","status":"publish","type":"page","link":"http:\/\/www.dummschwitzer.de\/blogsys2013\/?page_id=898","title":{"rendered":"2013"},"content":{"rendered":"<p><strong>fett<\/strong> gedruckte Meldungen wurden bereits best\u00e4tigt<br \/>\n<em>kursiv<\/em> gedruckte Platzierungen sind M\u00e4nner &#038; Frauen Gesamtwertungen<br \/>\nnormal gedruckte Platzierungen sind reines M\u00e4nner-Klassement<\/p>\n<p>Triathlon-Distanzen: (J)edermann \/ (S)print \/ (K)urz \/ (M)ittel \/ (L)ang<br \/>\nZeitangaben: (S)wim \/ (B)ike \/ (R)un \/ (T)ransitions \/ (P)enalty<\/p>\n<p><strong>03.03. &#8211; Strasse &#8211; &#8222;32. Rund ums Bayerkreuz&#8220; &#8211; Leverkusen<\/strong><br \/>\n<code>10km, 37:34min, 3:45min\/km, 16,00km\/h, M30: 27\/74, Platz: 133\/582<\/code><\/p>\n<p><strong>04.04. &#8211; Strasse &#8211; &#8222;2. Beueler 10er&#8220; &#8211; Bonn<\/strong><br \/>\n<code>5000m, 18:42min, 3:44min\/km, 16,07km\/h, M30: 1\/4, Platz: 5\/83<\/code><\/p>\n<p><strong>28.04. &#8211; &#8222;MHA &#8211; Triathlon 2013&#8220;, Aachen (J &#8211; 0,5 \/ 22 \/ 5)<\/strong><br \/>\n<code>1:10:16h,  M30: 3\/28, Platz: 22\/251<\/code><br \/>\n<code>S: 0:08:27h (50,7sek\/50m), T: in \"B\", B: 0:41:34h (31,86km\/h), T: in \"B\", R: 0:20:15h (4:03min\/km)<\/code><\/p>\n<p><strong>01.05. &#8211; Strasse &#8211; &#8222;5. 9 Meilen vom NeulandPark&#8220; &#8211; Leverkusen<\/strong><br \/>\n<code>5000m, 18:52min, 3:46min\/km, 15,97km\/h, M30: 1\/5, Platz: 1\/38<\/code><br \/>\n<code>14.4km, 57:56min, 4:01min\/km, 14,94km\/h, M30: 1\/13, Platz: 5\/162<\/code><\/p>\n<p>Ergebnis der Kombiwertung 5km &#038; 9 Meilen:<br \/>\n<code>19.4km, 1:16:48h, 3:58min\/km, 15,13km\/h, M30: 1\/2, Platz: 1\/12<\/code><\/p>\n<p><strong>12.05. &#8211; &#8222;2. TRI Pfalz&#8220;, Kaiserslautern (K &#8211; 1,5 \/ 40 \/ 10,6)<\/strong><br \/>\n<code>2:19:47h,  M30: 11\/37, Platz: 65\/282<\/code><br \/>\n<code>S: 0:25:00h (50,0sek\/50m), T: 5:27min, B: 1:02:26h (38,44km\/h), T: 2:12min, R: 0:44:44h (4:13min\/km)<\/code><\/p>\n<p><del><strong>26.05. &#8211; &#8222;4. Siegburg-Triathlon, 2013&#8220;, Siegburg (S &#8211; 0,5 \/ 20 \/ 5)<\/strong><\/del><br \/>\n<code>Wettkampf-Teilnahme wegen Liga-Einsatz in Hagen abgesagt<\/code><\/p>\n<p><strong>26.05. &#8211; &#8222;23. Hagener Sparda-Bank Triathlon&#8220;, Hagen (K &#8211; 1,0 \/ 43 \/ 10)<\/strong> <em>(Regionalliga)<\/em><br \/>\n<code>2:19:46h, Platz: 18\/72, Team ASV K\u00f6ln II: Platz 3\/18<\/code><br \/>\n<code>S: 0:18:11h (54,6sek\/50m), T: in \"B\", B: 1:21:19h (31,58km\/h), T: in \"B\", R: 0:40:16h (4:02min\/km)<\/code><\/p>\n<p><strong>02.06. &#8211; &#8222;26. Pfl\u00fcger Triathlon&#8220;, Harsewinkel (K &#8211; 1,0 \/ 40 \/ 10)<\/strong> <em>(Regionalliga)<\/em><br \/>\n<code>1:58:27h, Platz: 27\/72, Team ASV K\u00f6ln II: Platz 14\/18<\/code><br \/>\n<code>S: 0:19:11h (58,3sek\/50m), T: in \"S\", B: 0:59:30h (40,34km\/h), T: in \"B\", R: 0:39:31h (3:57min\/km)<\/code><\/p>\n<p><strong>09.06. &#8211; Strasse &#8211; &#8222;13. EVL Halbmarathon&#8220; &#8211; Leverkusen<\/strong><br \/>\n<code>Teilnahme wegen zu hoher Wettkampfdichte kurzfristig abgesagt!<\/code><\/p>\n<p><del><strong>16.06. &#8211; &#8222;6. Indeland Triathlon&#8220;, Eschweiler (K &#8211; 1,5 \/ 44 \/ 10)<\/strong><\/del><br \/>\n<code>Teilnahme wegen Liga-Einsatz in Kamen abgesagt<\/code><\/p>\n<p><strong>16.06. &#8211; &#8222;29. Sparkassen-Triathlon&#8220;, Kamen (K &#8211; 1,0 \/ 44 \/ 10)<\/strong> <em>(Regionalliga)<\/em><br \/>\n<code>2:00:20h, Platz: 19\/72, Team ASV K\u00f6ln II: Platz 12\/18<\/code><br \/>\n<code>S: 0:18:51h (56,6sek\/50m), T: in \"B\", B: 1:02:27h (38,30km\/h), T: in \"R\", R: 0:39:03h (3:54min\/km)<\/code><\/p>\n<p><del><strong>23.06. &#8211; &#8222;9. Voerder Kanal-Triathlon, Voerde (K &#8211; 1,5 \/ 35 \/ 10)<\/strong><\/del><br \/>\n<code>Teilnahme wegen Liga-Einsatz in Steinbeck abgesagt<\/code><\/p>\n<p><strong>23.06. &#8211; &#8222;22. Steinbecker Triathlon-Festival, Steinbeck (K &#8211; 1,5 \/ 42 \/ 10,4)<\/strong><em> (NRW-Liga)<\/em><br \/>\n<code>2:12:50h, Platz: 54\/72, Team ASV K\u00f6ln I: Platz 13\/18<\/code><br \/>\n<code>S: 0:26:27h (52,9sek\/50m), T: in \"B\", B: 1:04:34h (39,13km\/h), T: in \"B\", R: 0:41:51h (4:01min\/km)<\/code><\/p>\n<p><strong><del>30.06. &#8211; Strasse &#8211; &#8222;30. Internationaler Trierer Stadtlauf&#8220; &#8211; Trier<\/del><\/strong><br \/>\n<code>Teilnahme wegen Krankheit abgesagt<\/code><\/p>\n<p><strong>14.07. &#8211; &#8222;5. Hennefer Triathlon&#8220;, Hennef (K &#8211; 1,5 \/ 40 \/ 10)<\/strong><br \/>\n<code>2:14:36h,  M30: 4\/11, Platz: 13\/131<\/code><br \/>\n<code>S: 0:27:39h (55,3sek\/50m), T: in B, B: 1:05:45h (36,50km\/h), T: in B, R: 0:41:13h (4:07min\/km)<\/code><\/p>\n<p><strong>21.07. &#8211; &#8222;6. Celticman-Triathlon&#8220;, Neuental (S &#8211; 0,75 \/ 24 \/ 5)<\/strong><br \/>\n<code>1:07:28h,  M30: 3\/12, Platz: 16\/119<\/code><br \/>\n<code>S: 0:13:22h (53,5sek\/50m), T: in B, B: 0:34:43h (41,38km\/h), T: in B, R: 0:19:23h (3:53min\/km)<\/code><\/p>\n<p><strong>28.07. &#8211; Strasse &#8211; &#8222;16. 10 Meilen von K\u00f6ln&#8220; &#8211; K\u00f6ln<\/strong><br \/>\n<code>10km, 40:15min, 4:02min\/km, 14,88km\/h, M30: 2\/17, Platz: 15\/148<\/code><\/p>\n<p><strong>17.08. &#8211; &#8222;31. ATV-Triathlon&#8220;, H\u00fcckeswagen (J &#8211; 0,5 \/ 20 \/ 5,5)<\/strong><br \/>\n<code>1:03:01h,  M30: 4\/34, Platz: 13\/271<\/code><br \/>\n<code>S: 0:09:35h (57,5sek\/50m), T: in \"B\", B: 0:31:27h (38,30km\/h), T: in \"R\", R: 0:21:58h (4:00min\/km)<\/code><\/p>\n<p><strong>25.08. &#8211; &#8222;26. Bayer-Triathlon&#8220;, Krefeld (J &#8211; 0,5 \/ 20 \/ 5)<\/strong><br \/>\n<code>1:01:30h,  M30: 1\/xx, Platz: 1\/37<\/code><br \/>\n<code>S: 0:09:27h (56,7sek\/50m), T in \"B\", B: 0:32:20h (37,11km\/h), T: in \"B\", R: 0:19:42h (3:56min\/km)<\/code><\/p>\n<p><strong><del>01.09. &#8211; &#8222;Cologne Triathlon Weekend 2013&#8220;, K\u00f6ln (M &#8211; 1,9 \/ 90 \/ 21,1)<\/del><\/strong><br \/>\n<code>Teilnahme wegen drohender Verbandsstrafe durch NRWTV abgesagt. Danke auch!<\/code><\/p>\n<p><strong>08.09. &#8211; &#8222;5. Stadtwerke Triathlon&#8220;, Ratingen (S &#8211; 0,5 \/ 20 \/ 5) <em>(NRW-Liga)<\/em><\/strong><br \/>\n<code>1:02:50h, Platz: 50\/72, Team ASV K\u00f6ln: Platz 15\/18<\/code><br \/>\n<code>S: 0:09:09h (54,9sek\/50m), T: in \"B\", B: 0:33:39h (35,64km\/h), T: in \"B\", R: 0:20:01h (4:00min\/km)<\/code><\/p>\n<p><strong>22.09. &#8211; Strasse &#8211; &#8222;25. Rund um den F\u00fchlinger See&#8220; &#8211; K\u00f6ln<\/strong><br \/>\n<code>10km, 38:58min, 3:54min\/km, 15,38km\/h, M30: 2\/20, Platz: 10\/211<\/code><br \/>\n<code>21km, 1:37:02h, 4:36min\/km, 13,02km\/h, M30: 25\/63, Platz: 162\/501<\/code><\/p>\n<p><strong>27.09. &#8211; Strasse &#8211; &#8222;37. Nachtlauf: 7 Meilen von Zons&#8220; &#8211; Zons<\/strong><br \/>\n<code>5000m, 18:34min, 3:43min\/km, 16,14km\/h, M30: 1\/10, Platz: 3\/164<\/code><br \/>\n<code>11km, 45:37min, 4:04min\/km, 14,75km\/h, M30: 5\/71, Platz: 34\/848<\/code><\/p>\n<p><strong>02.11. &#8211; Strasse &#8211; &#8222;3. Winterlaufserie, MAXI Rennen 1 \/ 3&#8220; &#8211; Leverkusen<\/strong><br \/>\n<code>10km, 38:32min, 3:51min\/km, 15,58km\/h, M30: 3\/24, Platz: 10\/247<\/code><\/p>\n<p><strong>03.11. &#8211; Wald &#8211; &#8222;38. Wurzelweglauf der TG Konz&#8220; &#8211; Konz<\/strong><\/strong><br \/>\n<code>Teilnahme wegen Ersch\u00f6pfung kurzfristig abgesagt<\/code><\/p>\n<p><strong>10.11 &#8211; Trail &#8211; &#8222;Platin Man&#8220; &#8211; Hennef<\/strong><br \/>\n<code>25km, 2:02:57h, 4:55min\/km, 12,20km\/h, M30: 7\/25, Platz: 26\/236<\/code><\/p>\n<p><strong>08.12. &#8211; Strasse &#8211; &#8222;3. Winterlaufserie, MAXI Rennen 2 \/ 3&#8220; &#8211; Leverkusen<\/strong><br \/>\n<code>15km, 1:03:18h, 4:13min\/km, 14,23km\/h, M30: 3\/19, Platz: 13\/130<\/code><\/p>\n<p><strong>31.12. &#8211; Strasse &#8211; &#8222;24. Bitburger-Silvesterlauf&#8220; &#8211; Trier<\/strong><br \/>\n<code>8km, xx:xxmin, x:xxmin\/km, xx,xxkm\/h, M30: x\/xx, Platz: xx\/xxx<\/code><\/p>\n<p><strong>12.01. &#8211; Strasse &#8211; &#8222;3. Winterlaufserie, MAXI Rennen 3 \/ 3&#8220; &#8211; Leverkusen<\/strong><br \/>\n<code>HM, 88:46min, 4:12min\/km, 14,29km\/h, M30: 1\/20, Platz: 14\/140<\/code><\/p>\n<p>Gesamtergebnis der Serie:<br \/>\n<code>10 \/ 15 \/ 21.1km, 3:10:37h, 4:08min\/km, 14,52km\/h, M30: 1\/6, Platz: 6\/65<\/code><\/p>\n<p style=\"text-align: right;\">(letzte \u00c4nderung: 2012-04-02)<\/p\n\n<\/p>\n","protected":false},"excerpt":{"rendered":"<p>fett gedruckte Meldungen wurden bereits best\u00e4tigt kursiv gedruckte Platzierungen sind M\u00e4nner &#038; Frauen Gesamtwertungen normal gedruckte Platzierungen sind reines M\u00e4nner-Klassement Triathlon-Distanzen: (J)edermann \/ (S)print \/ (K)urz \/ (M)ittel \/ (L)ang Zeitangaben: (S)wim \/ (B)ike \/ (R)un \/ (T)ransitions \/ (P)enalty &hellip; <a href=\"http:\/\/www.dummschwitzer.de\/blogsys2013\/?page_id=898\">Weiterlesen <span class=\"meta-nav\">&rarr;<\/span><\/a><\/p>\n","protected":false},"author":1,"featured_media":0,"parent":859,"menu_order":-2013,"comment_status":"closed","ping_status":"closed","template":"","meta":{"_mc_calendar":[],"_links_to":"","_links_to_target":""},"_links":{"self":[{"href":"http:\/\/www.dummschwitzer.de\/blogsys2013\/index.php?rest_route=\/wp\/v2\/pages\/898"}],"collection":[{"href":"http:\/\/www.dummschwitzer.de\/blogsys2013\/index.php?rest_route=\/wp\/v2\/pages"}],"about":[{"href":"http:\/\/www.dummschwitzer.de\/blogsys2013\/index.php?rest_route=\/wp\/v2\/types\/page"}],"author":[{"embeddable":true,"href":"http:\/\/www.dummschwitzer.de\/blogsys2013\/index.php?rest_route=\/wp\/v2\/users\/1"}],"replies":[{"embeddable":true,"href":"http:\/\/www.dummschwitzer.de\/blogsys2013\/index.php?rest_route=%2Fwp%2Fv2%2Fcomments&post=898"}],"version-history":[{"count":4,"href":"http:\/\/www.dummschwitzer.de\/blogsys2013\/index.php?rest_route=\/wp\/v2\/pages\/898\/revisions"}],"predecessor-version":[{"id":1073,"href":"http:\/\/www.dummschwitzer.de\/blogsys2013\/index.php?rest_route=\/wp\/v2\/pages\/898\/revisions\/1073"}],"up":[{"embeddable":true,"href":"http:\/\/www.dummschwitzer.de\/blogsys2013\/index.php?rest_route=\/wp\/v2\/pages\/859"}],"wp:attachment":[{"href":"http:\/\/www.dummschwitzer.de\/blogsys2013\/index.php?rest_route=%2Fwp%2Fv2%2Fmedia&parent=898"}],"curies":[{"name":"wp","href":"https:\/\/api.w.org\/{rel}","templated":true}]}}